{"id":2080,"date":"2022-05-09T09:41:34","date_gmt":"2022-05-09T09:41:34","guid":{"rendered":"https:\/\/abiconstruction.al\/contatti\/"},"modified":"2025-05-25T14:11:32","modified_gmt":"2025-05-25T14:11:32","slug":"contatti","status":"publish","type":"page","link":"https:\/\/abiconstruction.al\/it\/contatti\/","title":{"rendered":"Contatti"},"content":{"rendered":"\t\t<div data-elementor-type=\"wp-page\" data-elementor-id=\"2080\" class=\"elementor elementor-2080 elementor-441\" data-elementor-post-type=\"page\">\n\t\t\t\t\t\t<section class=\"elementor-section elementor-top-section elementor-element elementor-element-98933c3 elementor-section-full_width elementor-section-height-default elementor-section-height-default\" data-id=\"98933c3\" data-element_type=\"section\" data-e-type=\"section\">\n\t\t\t\t\t\t<div class=\"elementor-container elementor-column-gap-no\">\n\t\t\t\t\t<div class=\"elementor-column elementor-col-100 elementor-top-column elementor-element elementor-element-5808731\" data-id=\"5808731\" data-element_type=\"column\" data-e-type=\"column\">\n\t\t\t<div class=\"elementor-widget-wrap elementor-element-populated\">\n\t\t\t\t\t\t<div class=\"elementor-element elementor-element-985c02f elementor-align-left elementor-widget elementor-widget-bdevs-banner-other\" data-id=\"985c02f\" data-element_type=\"widget\" data-e-type=\"widget\" data-widget_type=\"bdevs-banner-other.default\">\n\t\t\t\t<div class=\"elementor-widget-container\">\n\t\t\t\t\t  \n<section class=\"banner-header banner-img-top section-padding valign bg-img bg-fixed\" data-overlay-dark=\"4\" data-background=\"https:\/\/shtheme.com\/demosd\/norconwp\/wp-content\/uploads\/2022\/04\/1.jpg\">\n    <div class=\"container\">\n        <div class=\"row\">\n            <div class=\"col-md-5\">\n            \t                <h6>Abi Construction<\/h6>\n                                                <h1>Contattaci<\/h1>\n                            <\/div>\n        <\/div>\n    <\/div>\n<\/section>\n\n\t\t\t\t\t<\/div>\n\t\t\t\t<\/div>\n\t\t\t\t\t<\/div>\n\t\t<\/div>\n\t\t\t\t\t<\/div>\n\t\t<\/section>\n\t\t\t\t<section class=\"elementor-section elementor-top-section elementor-element elementor-element-cbd4467 elementor-section-full_width elementor-section-height-default elementor-section-height-default\" data-id=\"cbd4467\" data-element_type=\"section\" data-e-type=\"section\">\n\t\t\t\t\t\t<div class=\"elementor-container elementor-column-gap-no\">\n\t\t\t\t\t<div class=\"elementor-column elementor-col-100 elementor-top-column elementor-element elementor-element-439bba5\" data-id=\"439bba5\" data-element_type=\"column\" data-e-type=\"column\">\n\t\t\t<div class=\"elementor-widget-wrap elementor-element-populated\">\n\t\t\t\t\t\t<div class=\"elementor-element elementor-element-3599f57 elementor-align-left elementor-widget elementor-widget-bdevs-contact\" data-id=\"3599f57\" data-element_type=\"widget\" data-e-type=\"widget\" data-widget_type=\"bdevs-contact.default\">\n\t\t\t\t<div class=\"elementor-widget-container\">\n\t\t\t\t\t \n<section class=\"contact section-padding\">\n    <div class=\"container\">\n        <div class=\"row mb-90\">\n            <div class=\"col-md-5 mb-60\">\n            \t                <h5>Informazioni sui contatti<\/h5>\n                                                <p class=\"mb-30\">Contattateci per qualsiasi domanda o progetto che vorreste realizzare. Siamo pronti ad aiutarti e ad offrirti le soluzioni migliori per le tue esigenze.<\/p>\n                                                <div class=\"contact-link\">\n                    <div class=\"contact-link-icon\"><span class=\"norcon-phone\"><\/span><\/div>\n                    <div class=\"contact-link-content\">\n                        <div class=\"contact-link-title\">Chiamaci<\/div>\n                        <div class=\"contact-link-text\">            +355 69 208 8284\n<\/div>\n                    <\/div>\n                <\/div>\n                                <div class=\"contact-link\">\n                    <div class=\"contact-link-icon\"><span class=\"norcon-mail\"><\/span><\/div>\n                    <div class=\"contact-link-content\">\n                        <div class=\"contact-link-title\">Scrivici via Email:<\/div>\n                        <div class=\"contact-link-text\"> <a href=\"mailto:abiconstruction.al@gmail.com\">abiconstruction.al@gmail.com<\/a><\/div>\n                    <\/div>\n                <\/div>\n                                <div class=\"contact-link\">\n                    <div class=\"contact-link-icon\"><span class=\"norcon-square-pin\"><\/span><\/div>\n                    <div class=\"contact-link-content\">\n                        <div class=\"contact-link-title\">Na Vizitoni<\/div>\n                        <div class=\"contact-link-text\">Via della Democrazia, Paskuqan, Tirana, Albania<\/div>\n                    <\/div>\n                <\/div>\n                            <\/div>\n            <div class=\"col-md-5 offset-md-2\">\n                <div class=\"form-wrap\">\n                    <div class=\"form-box\">\n                        <h5>Scriveteci per un preventivo.<\/h5>\n                        <p class=\"wpcf7-contact-form-not-found\"><strong>Errore:<\/strong> Modulo di contatto non trovato.<\/p>                    <\/div>\n                <\/div>\n            <\/div>\n        <\/div>\n        <!-- Map Section -->\n            <\/div>\n<\/section>\n\t\t\t\t\t<\/div>\n\t\t\t\t<\/div>\n\t\t\t\t\t<\/div>\n\t\t<\/div>\n\t\t\t\t\t<\/div>\n\t\t<\/section>\n\t\t\t\t<section class=\"elementor-section elementor-top-section elementor-element elementor-element-f884b01 elementor-section-full_width elementor-section-height-default elementor-section-height-default\" data-id=\"f884b01\" data-element_type=\"section\" data-e-type=\"section\">\n\t\t\t\t\t\t<div class=\"elementor-container elementor-column-gap-default\">\n\t\t\t\t\t<div class=\"elementor-column elementor-col-100 elementor-top-column elementor-element elementor-element-4d503e2\" data-id=\"4d503e2\" data-element_type=\"column\" data-e-type=\"column\">\n\t\t\t<div class=\"elementor-widget-wrap elementor-element-populated\">\n\t\t\t\t\t\t<div class=\"elementor-element elementor-element-9c77cf3 elementor-widget elementor-widget-html\" data-id=\"9c77cf3\" data-element_type=\"widget\" data-e-type=\"widget\" data-widget_type=\"html.default\">\n\t\t\t\t<div class=\"elementor-widget-container\">\n\t\t\t\t\t<iframe src=\"https:\/\/www.google.com\/maps\/embed?pb=!1m14!1m8!1m3!1d11975.983618282087!2d19.7862732!3d41.3741737!3m2!1i1024!2i768!4f13.1!3m3!1m2!1s0x1350335f75cb92e5%3A0xf6c6221aba7d8fcc!2sAbi%20Construction%20Shpk%20-%20Kompani%20Ndertimi!5e0!3m2!1sen!2s!4v1733797182109!5m2!1sen!2s\" width=\"100%\" height=\"450\" style=\"border:0;\" allowfullscreen=\"\" loading=\"lazy\" referrerpolicy=\"no-referrer-when-downgrade\"><\/iframe>\t\t\t\t<\/div>\n\t\t\t\t<\/div>\n\t\t\t\t\t<\/div>\n\t\t<\/div>\n\t\t\t\t\t<\/div>\n\t\t<\/section>\n\t\t\t\t<section class=\"elementor-section elementor-top-section elementor-element elementor-element-1407aca elementor-section-full_width elementor-section-height-default elementor-section-height-default\" data-id=\"1407aca\" data-element_type=\"section\" data-e-type=\"section\">\n\t\t\t\t\t\t<div class=\"elementor-container elementor-column-gap-no\">\n\t\t\t\t\t<div class=\"elementor-column elementor-col-100 elementor-top-column elementor-element elementor-element-02f0eb1\" data-id=\"02f0eb1\" data-element_type=\"column\" data-e-type=\"column\">\n\t\t\t<div class=\"elementor-widget-wrap elementor-element-populated\">\n\t\t\t\t\t\t<div class=\"elementor-element elementor-element-59914d3 elementor-align-left elementor-widget elementor-widget-bdevs-faq\" data-id=\"59914d3\" data-element_type=\"widget\" data-e-type=\"widget\" data-widget_type=\"bdevs-faq.default\">\n\t\t\t\t<div class=\"elementor-widget-container\">\n\t\t\t\t\t \r\n<section class=\"section-padding bg-gray\">\r\n    <div class=\"container\">\r\n    \t<div class=\"row\">\r\n\t    \t<div class=\"col-md-12 text-center\">\r\n\t    \t\t\t            \t            <div class=\"section-title\"><span>Domande<\/span> frequenti<\/div>\r\n\t            \t        <\/div>\r\n\t    <\/div>\r\n        <div class=\"row\">\r\n            <!-- Accordion -->\r\n            <div class=\"col-md-8 offset-md-2 faqs-accordion \">\r\n                <div class=\"accordion\">\r\n                \t                    <div class=\"item\">\r\n                        <div class=\"title\">\r\n                            <h6>Offrite servizi di costruzione per progetti residenziali e commerciali?<\/h6>\r\n                        <\/div>\r\n                        <div class=\"accordion-info\">\r\n                            <p>S\u00ec, siamo specializzati nella costruzione di progetti residenziali, come ville ed edifici a pi\u00f9 piani, nonch\u00e9 di strutture commerciali e industriali, su misura per le esigenze specifiche dei nostri clienti.\n<\/p>\r\n                        <\/div>\r\n                    <\/div>\r\n                                        <div class=\"item\">\r\n                        <div class=\"title\">\r\n                            <h6>Puoi aiutarmi con la documentazione e i permessi di costruzione?<\/h6>\r\n                        <\/div>\r\n                        <div class=\"accordion-info\">\r\n                            <p>S\u00ec, offriamo supporto completo per la preparazione della documentazione e dei permessi necessari per i vostri progetti di costruzione.\n<\/p>\r\n                        <\/div>\r\n                    <\/div>\r\n                                        <div class=\"item\">\r\n                        <div class=\"title\">\r\n                            <h6>Qual \u00e8 il tempo medio di completamento dei progetti?<\/h6>\r\n                        <\/div>\r\n                        <div class=\"accordion-info\">\r\n                            <p>I tempi di completamento dipendono dalle dimensioni e dalla complessit\u00e0 del progetto. Lavoriamo rispettando sempre le scadenze concordate con i clienti.\n<\/p>\r\n                        <\/div>\r\n                    <\/div>\r\n                                        <div class=\"item\">\r\n                        <div class=\"title\">\r\n                            <h6>Offrite servizi di ristrutturazione e progettazione di interni?<\/h6>\r\n                        <\/div>\r\n                        <div class=\"accordion-info\">\r\n                            <p>S\u00ec, offriamo servizi completi per ristrutturazioni e lavori d'interni, tra cui installazioni elettriche e idrauliche, intonaci, piastrelle, parquet ed elementi decorativi.\n<\/p>\r\n                        <\/div>\r\n                    <\/div>\r\n                                        <div class=\"item\">\r\n                        <div class=\"title\">\r\n                            <h6>Puoi aiutarmi con la progettazione e la pianificazione?<\/h6>\r\n                        <\/div>\r\n                        <div class=\"accordion-info\">\r\n                            <p>S\u00ec, il nostro team offre servizi completi di progettazione e pianificazione per garantire che ogni progetto sia in linea con la tua visione e le tue esigenze.\n\n\n\n\n\n<\/p>\r\n                        <\/div>\r\n                    <\/div>\r\n                                    <\/div>\r\n            <\/div>\r\n        <\/div>\r\n    <\/div>\r\n<\/section>\r\n\t\t\r\n\t\t\t\t\t<\/div>\n\t\t\t\t<\/div>\n\t\t\t\t\t<\/div>\n\t\t<\/div>\n\t\t\t\t\t<\/div>\n\t\t<\/section>\n\t\t\t\t<\/div>\n\t\t","protected":false},"excerpt":{"rendered":"<p>Abi Construction Contattaci Informazioni sui contatti Contattateci per qualsiasi domanda o progetto che vorreste realizzare. Siamo pronti ad aiutarti e ad offrirti le soluzioni migliori per le tue esigenze. Chiamaci +355 69 208 8284 Scrivici via Email: abiconstruction.al@gmail.com Na Vizitoni Via della Democrazia, Paskuqan, Tirana, Albania Scriveteci per un preventivo. modulo di contatto [testo* testo-telefono [&hellip;]<\/p>\n","protected":false},"author":1,"featured_media":0,"parent":0,"menu_order":0,"comment_status":"closed","ping_status":"closed","template":"page-templates\/home-page-1.php","meta":{"inline_featured_image":false,"_joinchat":[],"footnotes":""},"class_list":["post-2080","page","type-page","status-publish","hentry"],"yoast_head":"<!-- This site is optimized with the Yoast SEO plugin v27.4 - https:\/\/yoast.com\/product\/yoast-seo-wordpress\/ -->\n<title>Contatti - Abi Construction Shpk<\/title>\n<meta name=\"robots\" content=\"index, follow, max-snippet:-1, max-image-preview:large, max-video-preview:-1\" \/>\n<link rel=\"canonical\" href=\"https:\/\/abiconstruction.al\/it\/contatti\/\" \/>\n<meta property=\"og:locale\" content=\"it_IT\" \/>\n<meta property=\"og:type\" content=\"article\" \/>\n<meta property=\"og:title\" content=\"Contatti - Abi Construction Shpk\" \/>\n<meta property=\"og:description\" content=\"Abi Construction Contattaci Informazioni sui contatti Contattateci per qualsiasi domanda o progetto che vorreste realizzare. Siamo pronti ad aiutarti e ad offrirti le soluzioni migliori per le tue esigenze. Chiamaci +355 69 208 8284 Scrivici via Email: abiconstruction.al@gmail.com Na Vizitoni Via della Democrazia, Paskuqan, Tirana, Albania Scriveteci per un preventivo. modulo di contatto [testo* testo-telefono [&hellip;]\" \/>\n<meta property=\"og:url\" content=\"https:\/\/abiconstruction.al\/it\/contatti\/\" \/>\n<meta property=\"og:site_name\" content=\"Abi Construction Shpk\" \/>\n<meta property=\"article:modified_time\" content=\"2025-05-25T14:11:32+00:00\" \/>\n<meta name=\"twitter:card\" content=\"summary_large_image\" \/>\n<meta name=\"twitter:label1\" content=\"Tempo di lettura stimato\" \/>\n\t<meta name=\"twitter:data1\" content=\"2 minuti\" \/>\n<script type=\"application\/ld+json\" class=\"yoast-schema-graph\">{\"@context\":\"https:\\\/\\\/schema.org\",\"@graph\":[{\"@type\":\"WebPage\",\"@id\":\"https:\\\/\\\/abiconstruction.al\\\/it\\\/contatti\\\/\",\"url\":\"https:\\\/\\\/abiconstruction.al\\\/it\\\/contatti\\\/\",\"name\":\"Contatti - Abi Construction Shpk\",\"isPartOf\":{\"@id\":\"https:\\\/\\\/abiconstruction.al\\\/it\\\/#website\"},\"datePublished\":\"2022-05-09T09:41:34+00:00\",\"dateModified\":\"2025-05-25T14:11:32+00:00\",\"breadcrumb\":{\"@id\":\"https:\\\/\\\/abiconstruction.al\\\/it\\\/contatti\\\/#breadcrumb\"},\"inLanguage\":\"it-IT\",\"potentialAction\":[{\"@type\":\"ReadAction\",\"target\":[\"https:\\\/\\\/abiconstruction.al\\\/it\\\/contatti\\\/\"]}]},{\"@type\":\"BreadcrumbList\",\"@id\":\"https:\\\/\\\/abiconstruction.al\\\/it\\\/contatti\\\/#breadcrumb\",\"itemListElement\":[{\"@type\":\"ListItem\",\"position\":1,\"name\":\"Home\",\"item\":\"https:\\\/\\\/abiconstruction.al\\\/it\\\/\"},{\"@type\":\"ListItem\",\"position\":2,\"name\":\"Contatti\"}]},{\"@type\":\"WebSite\",\"@id\":\"https:\\\/\\\/abiconstruction.al\\\/it\\\/#website\",\"url\":\"https:\\\/\\\/abiconstruction.al\\\/it\\\/\",\"name\":\"Abi Construction Shpk\",\"description\":\"Kompani Ndertimi\",\"publisher\":{\"@id\":\"https:\\\/\\\/abiconstruction.al\\\/it\\\/#organization\"},\"potentialAction\":[{\"@type\":\"SearchAction\",\"target\":{\"@type\":\"EntryPoint\",\"urlTemplate\":\"https:\\\/\\\/abiconstruction.al\\\/it\\\/?s={search_term_string}\"},\"query-input\":{\"@type\":\"PropertyValueSpecification\",\"valueRequired\":true,\"valueName\":\"search_term_string\"}}],\"inLanguage\":\"it-IT\"},{\"@type\":\"Organization\",\"@id\":\"https:\\\/\\\/abiconstruction.al\\\/it\\\/#organization\",\"name\":\"Abi Construction Shpk\",\"url\":\"https:\\\/\\\/abiconstruction.al\\\/it\\\/\",\"logo\":{\"@type\":\"ImageObject\",\"inLanguage\":\"it-IT\",\"@id\":\"https:\\\/\\\/abiconstruction.al\\\/it\\\/#\\\/schema\\\/logo\\\/image\\\/\",\"url\":\"https:\\\/\\\/abiconstruction.al\\\/wp-content\\\/uploads\\\/2024\\\/12\\\/logowebabi-1024x654.png\",\"contentUrl\":\"https:\\\/\\\/abiconstruction.al\\\/wp-content\\\/uploads\\\/2024\\\/12\\\/logowebabi-1024x654.png\",\"width\":1024,\"height\":654,\"caption\":\"Abi Construction Shpk\"},\"image\":{\"@id\":\"https:\\\/\\\/abiconstruction.al\\\/it\\\/#\\\/schema\\\/logo\\\/image\\\/\"},\"sameAs\":[\"https:\\\/\\\/www.instagram.com\\\/abiconstruction.al\\\/\",\"https:\\\/\\\/www.tiktok.com\\\/tiktokstudio\"]}]}<\/script>\n<!-- \/ Yoast SEO plugin. -->","yoast_head_json":{"title":"Contatti - Abi Construction Shpk","robots":{"index":"index","follow":"follow","max-snippet":"max-snippet:-1","max-image-preview":"max-image-preview:large","max-video-preview":"max-video-preview:-1"},"canonical":"https:\/\/abiconstruction.al\/it\/contatti\/","og_locale":"it_IT","og_type":"article","og_title":"Contatti - Abi Construction Shpk","og_description":"Abi Construction Contattaci Informazioni sui contatti Contattateci per qualsiasi domanda o progetto che vorreste realizzare. Siamo pronti ad aiutarti e ad offrirti le soluzioni migliori per le tue esigenze. Chiamaci +355 69 208 8284 Scrivici via Email: abiconstruction.al@gmail.com Na Vizitoni Via della Democrazia, Paskuqan, Tirana, Albania Scriveteci per un preventivo. modulo di contatto [testo* testo-telefono [&hellip;]","og_url":"https:\/\/abiconstruction.al\/it\/contatti\/","og_site_name":"Abi Construction Shpk","article_modified_time":"2025-05-25T14:11:32+00:00","twitter_card":"summary_large_image","twitter_misc":{"Tempo di lettura stimato":"2 minuti"},"schema":{"@context":"https:\/\/schema.org","@graph":[{"@type":"WebPage","@id":"https:\/\/abiconstruction.al\/it\/contatti\/","url":"https:\/\/abiconstruction.al\/it\/contatti\/","name":"Contatti - Abi Construction Shpk","isPartOf":{"@id":"https:\/\/abiconstruction.al\/it\/#website"},"datePublished":"2022-05-09T09:41:34+00:00","dateModified":"2025-05-25T14:11:32+00:00","breadcrumb":{"@id":"https:\/\/abiconstruction.al\/it\/contatti\/#breadcrumb"},"inLanguage":"it-IT","potentialAction":[{"@type":"ReadAction","target":["https:\/\/abiconstruction.al\/it\/contatti\/"]}]},{"@type":"BreadcrumbList","@id":"https:\/\/abiconstruction.al\/it\/contatti\/#breadcrumb","itemListElement":[{"@type":"ListItem","position":1,"name":"Home","item":"https:\/\/abiconstruction.al\/it\/"},{"@type":"ListItem","position":2,"name":"Contatti"}]},{"@type":"WebSite","@id":"https:\/\/abiconstruction.al\/it\/#website","url":"https:\/\/abiconstruction.al\/it\/","name":"Abi Construction Shpk","description":"Kompani Ndertimi","publisher":{"@id":"https:\/\/abiconstruction.al\/it\/#organization"},"potentialAction":[{"@type":"SearchAction","target":{"@type":"EntryPoint","urlTemplate":"https:\/\/abiconstruction.al\/it\/?s={search_term_string}"},"query-input":{"@type":"PropertyValueSpecification","valueRequired":true,"valueName":"search_term_string"}}],"inLanguage":"it-IT"},{"@type":"Organization","@id":"https:\/\/abiconstruction.al\/it\/#organization","name":"Abi Construction Shpk","url":"https:\/\/abiconstruction.al\/it\/","logo":{"@type":"ImageObject","inLanguage":"it-IT","@id":"https:\/\/abiconstruction.al\/it\/#\/schema\/logo\/image\/","url":"https:\/\/abiconstruction.al\/wp-content\/uploads\/2024\/12\/logowebabi-1024x654.png","contentUrl":"https:\/\/abiconstruction.al\/wp-content\/uploads\/2024\/12\/logowebabi-1024x654.png","width":1024,"height":654,"caption":"Abi Construction Shpk"},"image":{"@id":"https:\/\/abiconstruction.al\/it\/#\/schema\/logo\/image\/"},"sameAs":["https:\/\/www.instagram.com\/abiconstruction.al\/","https:\/\/www.tiktok.com\/tiktokstudio"]}]}},"_links":{"self":[{"href":"https:\/\/abiconstruction.al\/it\/wp-json\/wp\/v2\/pages\/2080","targetHints":{"allow":["GET"]}}],"collection":[{"href":"https:\/\/abiconstruction.al\/it\/wp-json\/wp\/v2\/pages"}],"about":[{"href":"https:\/\/abiconstruction.al\/it\/wp-json\/wp\/v2\/types\/page"}],"author":[{"embeddable":true,"href":"https:\/\/abiconstruction.al\/it\/wp-json\/wp\/v2\/users\/1"}],"replies":[{"embeddable":true,"href":"https:\/\/abiconstruction.al\/it\/wp-json\/wp\/v2\/comments?post=2080"}],"version-history":[{"count":10,"href":"https:\/\/abiconstruction.al\/it\/wp-json\/wp\/v2\/pages\/2080\/revisions"}],"predecessor-version":[{"id":2361,"href":"https:\/\/abiconstruction.al\/it\/wp-json\/wp\/v2\/pages\/2080\/revisions\/2361"}],"wp:attachment":[{"href":"https:\/\/abiconstruction.al\/it\/wp-json\/wp\/v2\/media?parent=2080"}],"curies":[{"name":"wp","href":"https:\/\/api.w.org\/{rel}","templated":true}]}}